{"id":205,"date":"2022-10-26T08:57:40","date_gmt":"2022-10-26T06:57:40","guid":{"rendered":"https:\/\/www.grand-hotel-luxembourg.com\/?page_id=205"},"modified":"2024-06-11T16:30:58","modified_gmt":"2024-06-11T14:30:58","slug":"seminars","status":"publish","type":"page","link":"https:\/\/www.grand-hotel-luxembourg.com\/en\/seminaires\/","title":{"rendered":"Seminars in Bayeux"},"content":{"rendered":"\t\t<div data-elementor-type=\"wp-page\" data-elementor-id=\"205\" class=\"elementor elementor-205\" data-elementor-post-type=\"page\">\n\t\t\t\t\t\t<section class=\"elementor-section elementor-top-section elementor-element elementor-element-a8248cb elementor-section-full_width elementor-section-height-full elementor-section-height-default elementor-section-items-middle\" data-id=\"a8248cb\" data-element_type=\"section\" data-e-type=\"section\" id=\"hero-section\" data-settings=\"{&quot;background_background&quot;:&quot;slideshow&quot;,&quot;background_slideshow_gallery&quot;:[{&quot;id&quot;:3939,&quot;url&quot;:&quot;https:\\\/\\\/www.grand-hotel-luxembourg.com\\\/wp-content\\\/uploads\\\/2024\\\/01\\\/GHDL-115-copie.jpg&quot;}],&quot;background_slideshow_loop&quot;:&quot;yes&quot;,&quot;background_slideshow_slide_duration&quot;:5000,&quot;background_slideshow_slide_transition&quot;:&quot;fade&quot;,&quot;background_slideshow_transition_duration&quot;:500}\">\n\t\t\t\t\t\t\t<div class=\"elementor-background-overlay\"><\/div>\n\t\t\t\t\t\t\t<div class=\"elementor-container elementor-column-gap-default\">\n\t\t\t\t\t<div class=\"elementor-column elementor-col-100 elementor-top-column elementor-element elementor-element-18893ac\" data-id=\"18893ac\" data-element_type=\"column\" data-e-type=\"column\">\n\t\t\t<div class=\"elementor-widget-wrap elementor-element-populated\">\n\t\t\t\t\t\t<div class=\"elementor-element elementor-element-eca6a43 elementor-widget__width-auto elementor-absolute e-transform elementor-view-default elementor-widget elementor-widget-icon\" data-id=\"eca6a43\" data-element_type=\"widget\" data-e-type=\"widget\" data-settings=\"{&quot;_position&quot;:&quot;absolute&quot;,&quot;_transform_rotateZ_effect&quot;:{&quot;unit&quot;:&quot;px&quot;,&quot;size&quot;:90,&quot;sizes&quot;:[]},&quot;_transform_rotateZ_effect_tablet&quot;:{&quot;unit&quot;:&quot;deg&quot;,&quot;size&quot;:&quot;&quot;,&quot;sizes&quot;:[]},&quot;_transform_rotateZ_effect_mobile&quot;:{&quot;unit&quot;:&quot;deg&quot;,&quot;size&quot;:&quot;&quot;,&quot;sizes&quot;:[]}}\" data-widget_type=\"icon.default\">\n\t\t\t\t<div class=\"elementor-widget-container\">\n\t\t\t\t\t\t\t<div class=\"elementor-icon-wrapper\">\n\t\t\t<a class=\"elementor-icon\" href=\"#first-content\">\n\t\t\t<i aria-hidden=\"true\" class=\"eliofont eliofont-arrow-right\"><\/i>\t\t\t<\/a>\n\t\t<\/div>\n\t\t\t\t\t\t<\/div>\n\t\t\t\t<\/div>\n\t\t\t\t\t<\/div>\n\t\t<\/div>\n\t\t\t\t\t<\/div>\n\t\t<\/section>\n\t\t\t\t<section class=\"elementor-section elementor-top-section elementor-element elementor-element-b2af55c elementor-section-height-min-height elementor-reverse-tablet elementor-reverse-mobile elementor-section-boxed elementor-section-height-default elementor-section-items-middle\" data-id=\"b2af55c\" data-element_type=\"section\" data-e-type=\"section\" data-settings=\"{&quot;background_background&quot;:&quot;classic&quot;}\">\n\t\t\t\t\t\t<div class=\"elementor-container elementor-column-gap-default\">\n\t\t\t\t\t<div class=\"elementor-column elementor-col-50 elementor-top-column elementor-element elementor-element-1aaede3\" data-id=\"1aaede3\" data-element_type=\"column\" data-e-type=\"column\" data-settings=\"{&quot;background_background&quot;:&quot;classic&quot;}\">\n\t\t\t<div class=\"elementor-widget-wrap elementor-element-populated\">\n\t\t\t\t\t\t<section class=\"elementor-section elementor-inner-section elementor-element elementor-element-e46a00b elementor-section-boxed elementor-section-height-default elementor-section-height-default\" data-id=\"e46a00b\" data-element_type=\"section\" data-e-type=\"section\">\n\t\t\t\t\t\t<div class=\"elementor-container elementor-column-gap-default\">\n\t\t\t\t\t<div class=\"elementor-column elementor-col-50 elementor-inner-column elementor-element elementor-element-27559fb\" data-id=\"27559fb\" data-element_type=\"column\" data-e-type=\"column\">\n\t\t\t<div class=\"elementor-widget-wrap elementor-element-populated\">\n\t\t\t\t\t\t<div class=\"elementor-element elementor-element-05f2f78 elementor-widget elementor-widget-image\" data-id=\"05f2f78\" data-element_type=\"widget\" data-e-type=\"widget\" data-widget_type=\"image.default\">\n\t\t\t\t<div class=\"elementor-widget-container\">\n\t\t\t\t\t\t\t\t\t\t\t\t\t\t\t<img fetchpriority=\"high\" decoding=\"async\" width=\"1920\" height=\"1151\" src=\"https:\/\/www.grand-hotel-luxembourg.com\/wp-content\/uploads\/2024\/01\/GHDL-115-copie.jpg\" class=\"attachment-full size-full wp-image-3939\" alt=\"s\u00e9minaires BAYEUX\" srcset=\"https:\/\/www.grand-hotel-luxembourg.com\/wp-content\/uploads\/2024\/01\/GHDL-115-copie.jpg 1920w, https:\/\/www.grand-hotel-luxembourg.com\/wp-content\/uploads\/2024\/01\/GHDL-115-copie-300x180.jpg 300w, https:\/\/www.grand-hotel-luxembourg.com\/wp-content\/uploads\/2024\/01\/GHDL-115-copie-1024x614.jpg 1024w, https:\/\/www.grand-hotel-luxembourg.com\/wp-content\/uploads\/2024\/01\/GHDL-115-copie-768x460.jpg 768w, https:\/\/www.grand-hotel-luxembourg.com\/wp-content\/uploads\/2024\/01\/GHDL-115-copie-1536x921.jpg 1536w, https:\/\/www.grand-hotel-luxembourg.com\/wp-content\/uploads\/2024\/01\/GHDL-115-copie-18x12.jpg 18w\" sizes=\"(max-width: 1920px) 100vw, 1920px\" \/>\t\t\t\t\t\t\t\t\t\t\t\t\t\t\t<\/div>\n\t\t\t\t<\/div>\n\t\t\t\t\t<\/div>\n\t\t<\/div>\n\t\t\t\t<div class=\"elementor-column elementor-col-50 elementor-inner-column elementor-element elementor-element-dc0bcbf elementor-hidden-mobile\" data-id=\"dc0bcbf\" data-element_type=\"column\" data-e-type=\"column\">\n\t\t\t<div class=\"elementor-widget-wrap elementor-element-populated\">\n\t\t\t\t\t\t<div class=\"elementor-element elementor-element-922f3c9 elementor-widget elementor-widget-image\" data-id=\"922f3c9\" data-element_type=\"widget\" data-e-type=\"widget\" data-widget_type=\"image.default\">\n\t\t\t\t<div class=\"elementor-widget-container\">\n\t\t\t\t\t\t\t\t\t\t\t\t\t\t\t<img decoding=\"async\" width=\"2560\" height=\"1920\" src=\"https:\/\/www.grand-hotel-luxembourg.com\/wp-content\/uploads\/2022\/12\/20211113_170938-min-scaled.jpg\" class=\"attachment-full size-full wp-image-3091\" alt=\"salle de r\u00e9ception\" srcset=\"https:\/\/www.grand-hotel-luxembourg.com\/wp-content\/uploads\/2022\/12\/20211113_170938-min-scaled.jpg 2560w, https:\/\/www.grand-hotel-luxembourg.com\/wp-content\/uploads\/2022\/12\/20211113_170938-min-300x225.jpg 300w, https:\/\/www.grand-hotel-luxembourg.com\/wp-content\/uploads\/2022\/12\/20211113_170938-min-1024x768.jpg 1024w, https:\/\/www.grand-hotel-luxembourg.com\/wp-content\/uploads\/2022\/12\/20211113_170938-min-768x576.jpg 768w, https:\/\/www.grand-hotel-luxembourg.com\/wp-content\/uploads\/2022\/12\/20211113_170938-min-1536x1152.jpg 1536w, https:\/\/www.grand-hotel-luxembourg.com\/wp-content\/uploads\/2022\/12\/20211113_170938-min-2048x1536.jpg 2048w, https:\/\/www.grand-hotel-luxembourg.com\/wp-content\/uploads\/2022\/12\/20211113_170938-min-16x12.jpg 16w\" sizes=\"(max-width: 2560px) 100vw, 2560px\" \/>\t\t\t\t\t\t\t\t\t\t\t\t\t\t\t<\/div>\n\t\t\t\t<\/div>\n\t\t\t\t<div class=\"elementor-element elementor-element-756cbe7 elementor-widget elementor-widget-image\" data-id=\"756cbe7\" data-element_type=\"widget\" data-e-type=\"widget\" data-widget_type=\"image.default\">\n\t\t\t\t<div class=\"elementor-widget-container\">\n\t\t\t\t\t\t\t\t\t\t\t\t\t\t\t<img decoding=\"async\" width=\"800\" height=\"450\" src=\"https:\/\/www.grand-hotel-luxembourg.com\/wp-content\/uploads\/2022\/12\/0130b8-1.jpg\" class=\"attachment-full size-full wp-image-2727\" alt=\"Photo -\" srcset=\"https:\/\/www.grand-hotel-luxembourg.com\/wp-content\/uploads\/2022\/12\/0130b8-1.jpg 800w, https:\/\/www.grand-hotel-luxembourg.com\/wp-content\/uploads\/2022\/12\/0130b8-1-300x169.jpg 300w, https:\/\/www.grand-hotel-luxembourg.com\/wp-content\/uploads\/2022\/12\/0130b8-1-768x432.jpg 768w, https:\/\/www.grand-hotel-luxembourg.com\/wp-content\/uploads\/2022\/12\/0130b8-1-18x10.jpg 18w\" sizes=\"(max-width: 800px) 100vw, 800px\">\t\t\t\t\t\t\t\t\t\t\t\t\t\t\t<\/div>\n\t\t\t\t<\/div>\n\t\t\t\t\t<\/div>\n\t\t<\/div>\n\t\t\t\t\t<\/div>\n\t\t<\/section>\n\t\t\t\t\t<\/div>\n\t\t<\/div>\n\t\t\t\t<div class=\"elementor-column elementor-col-50 elementor-top-column elementor-element elementor-element-be533c5\" data-id=\"be533c5\" data-element_type=\"column\" data-e-type=\"column\">\n\t\t\t<div class=\"elementor-widget-wrap elementor-element-populated\">\n\t\t\t\t\t\t<div class=\"elementor-element elementor-element-a691217 elementor-widget elementor-widget-text-editor\" data-id=\"a691217\" data-element_type=\"widget\" data-e-type=\"widget\" data-widget_type=\"text-editor.default\">\n\t\t\t\t<div class=\"elementor-widget-container\">\n\t\t\t\t\t\t\t\t\t<p>Situ\u00e9 \u00e0 Bayeux, en plein coeur de la Normandie, notre \u00e9tablissement met \u00e0 votre disposition des salles d\u00e9di\u00e9es allant de 35m\u00b2 \u00e0 65m\u00b2 vous accueillent dans un cadre de travail adapt\u00e9 \u00e0 vos besoins, propice au bon d\u00e9roulement de vos r\u00e9unions commerciales, tables rondes, ateliers d\u2019entreprise, team buildings, conseils d\u2019administration&#8230;<\/p><p>\u00a0<\/p><p>Notre salle de s\u00e9minaire dispose des \u00e9quipements suivants :<\/p><p>&#8211; Paperboard,<br \/>&#8211; Vid\u00e9oprojecteur avec \u00e9cran,<br \/>&#8211; Connexion internet wifi,<br \/>&#8211; \u00c9quipement son,<br \/>&#8211; Blocs-notes &amp; stylos.<\/p><p>\u00a0<\/p><p>D\u2019autres \u00e9quipements tels que micros, platine DJ, enceintes sp\u00e9ciales&#8230; peuvent \u00e9galement \u00eatre mis \u00e0 disposition demande sp\u00e9ciale au pr\u00e9alable.<\/p>\t\t\t\t\t\t\t\t<\/div>\n\t\t\t\t<\/div>\n\t\t\t\t\t<\/div>\n\t\t<\/div>\n\t\t\t\t\t<\/div>\n\t\t<\/section>\n\t\t\t\t<section class=\"elementor-section elementor-top-section elementor-element elementor-element-9dcb043 elementor-section-full_width elementor-section-height-default elementor-section-height-default\" data-id=\"9dcb043\" data-element_type=\"section\" data-e-type=\"section\" data-settings=\"{&quot;background_background&quot;:&quot;classic&quot;}\">\n\t\t\t\t\t\t<div class=\"elementor-container elementor-column-gap-default\">\n\t\t\t\t\t<div class=\"elementor-column elementor-col-100 elementor-top-column elementor-element elementor-element-585f813\" data-id=\"585f813\" data-element_type=\"column\" data-e-type=\"column\">\n\t\t\t<div class=\"elementor-widget-wrap elementor-element-populated\">\n\t\t\t\t\t\t<div class=\"elementor-element elementor-element-de91b66 elementor-widget elementor-widget-heading\" data-id=\"de91b66\" data-element_type=\"widget\" data-e-type=\"widget\" data-widget_type=\"heading.default\">\n\t\t\t\t<div class=\"elementor-widget-container\">\n\t\t\t\t\t<h2 class=\"elementor-heading-title elementor-size-default\">Plusieurs dispositions s'offrent \u00e0 vous :<\/h2>\t\t\t\t<\/div>\n\t\t\t\t<\/div>\n\t\t\t\t<div class=\"elementor-element elementor-element-23c4ad0 elementor-widget elementor-widget-image\" data-id=\"23c4ad0\" data-element_type=\"widget\" data-e-type=\"widget\" data-widget_type=\"image.default\">\n\t\t\t\t<div class=\"elementor-widget-container\">\n\t\t\t\t\t\t\t\t\t\t\t\t\t\t\t<img loading=\"lazy\" decoding=\"async\" width=\"700\" height=\"109\" src=\"https:\/\/www.grand-hotel-luxembourg.com\/wp-content\/uploads\/2022\/12\/salles.jpg\" class=\"attachment-large size-large wp-image-2811\" alt=\"Photo -\" srcset=\"https:\/\/www.grand-hotel-luxembourg.com\/wp-content\/uploads\/2022\/12\/salles.jpg 700w, https:\/\/www.grand-hotel-luxembourg.com\/wp-content\/uploads\/2022\/12\/salles-300x47.jpg 300w, https:\/\/www.grand-hotel-luxembourg.com\/wp-content\/uploads\/2022\/12\/salles-18x3.jpg 18w\" sizes=\"(max-width: 700px) 100vw, 700px\">\t\t\t\t\t\t\t\t\t\t\t\t\t\t\t<\/div>\n\t\t\t\t<\/div>\n\t\t\t\t<div class=\"elementor-element elementor-element-8f963e9 elementor-widget__width-initial elementor-widget elementor-widget-text-editor\" data-id=\"8f963e9\" data-element_type=\"widget\" data-e-type=\"widget\" data-widget_type=\"text-editor.default\">\n\t\t\t\t<div class=\"elementor-widget-container\">\n\t\t\t\t\t\t\t\t\t<p>Pour parfaire votre s\u00e9minaire d\u2019entreprise, votre voyage d\u2019affaire ou votre \u00e9v\u00e8nement \u00e0 Bayeux, nous proposons des forfaits journ\u00e9e ou demi-journ\u00e9e avec caf\u00e9 d\u2019accueil, pauses gourmandes, pause d\u00e9jeuner et d\u00eener.<\/p>\t\t\t\t\t\t\t\t<\/div>\n\t\t\t\t<\/div>\n\t\t\t\t<div class=\"elementor-element elementor-element-d45ac5c elementor-align-center elementor-widget elementor-widget-button\" data-id=\"d45ac5c\" data-element_type=\"widget\" data-e-type=\"widget\" data-widget_type=\"button.default\">\n\t\t\t\t<div class=\"elementor-widget-container\">\n\t\t\t\t\t\t\t\t\t<div class=\"elementor-button-wrapper\">\n\t\t\t\t\t<a class=\"elementor-button elementor-button-link elementor-size-sm\" href=\"https:\/\/www.grand-hotel-luxembourg.com\/en\/acces-contact\/\">\n\t\t\t\t\t\t<span class=\"elementor-button-content-wrapper\">\n\t\t\t\t\t\t\t\t\t<span class=\"elementor-button-text\">Contactez-nous pour plus d'informations<\/span>\n\t\t\t\t\t<\/span>\n\t\t\t\t\t<\/a>\n\t\t\t\t<\/div>\n\t\t\t\t\t\t\t\t<\/div>\n\t\t\t\t<\/div>\n\t\t\t\t\t<\/div>\n\t\t<\/div>\n\t\t\t\t\t<\/div>\n\t\t<\/section>\n\t\t\t\t<section class=\"elementor-section elementor-top-section elementor-element elementor-element-b18d7bb elementor-section-full_width elementor-section-height-default elementor-section-height-default\" data-id=\"b18d7bb\" data-element_type=\"section\" data-e-type=\"section\">\n\t\t\t\t\t\t<div class=\"elementor-container elementor-column-gap-default\">\n\t\t\t\t\t<div class=\"elementor-column elementor-col-33 elementor-top-column elementor-element elementor-element-aac4e35\" data-id=\"aac4e35\" data-element_type=\"column\" data-e-type=\"column\" data-settings=\"{&quot;background_background&quot;:&quot;classic&quot;}\">\n\t\t\t<div class=\"elementor-widget-wrap elementor-element-populated\">\n\t\t\t\t\t\t<div class=\"elementor-element elementor-element-bbb4354 elementor--h-position-left elementor--v-position-bottom elementor-widget elementor-widget-slides\" data-id=\"bbb4354\" data-element_type=\"widget\" data-e-type=\"widget\" data-settings=\"{&quot;navigation&quot;:&quot;none&quot;,&quot;autoplay&quot;:&quot;yes&quot;,&quot;pause_on_hover&quot;:&quot;yes&quot;,&quot;pause_on_interaction&quot;:&quot;yes&quot;,&quot;autoplay_speed&quot;:5000,&quot;infinite&quot;:&quot;yes&quot;,&quot;transition&quot;:&quot;slide&quot;,&quot;transition_speed&quot;:500}\" data-widget_type=\"slides.default\">\n\t\t\t\t<div class=\"elementor-widget-container\">\n\t\t\t\t\t\t\t\t\t<div class=\"elementor-swiper\">\n\t\t\t\t\t<div class=\"elementor-slides-wrapper elementor-main-swiper swiper\" role=\"region\" aria-roledescription=\"carousel\" aria-label=\"Slides\" dir=\"ltr\" data-animation=\"fadeInUp\">\n\t\t\t\t<div class=\"swiper-wrapper elementor-slides\">\n\t\t\t\t\t\t\t\t\t\t<div class=\"elementor-repeater-item-3ab0fe5 swiper-slide\" role=\"group\" aria-roledescription=\"slide\"><div class=\"swiper-slide-bg\"><\/div><a class=\"swiper-slide-inner\" href=\"https:\/\/www.grand-hotel-luxembourg.com\/en\/\"><div class=\"swiper-slide-contents\"><div class=\"elementor-slide-heading\">L'h\u00f4tel<\/div><\/div><\/a><\/div>\t\t\t\t<\/div>\n\t\t\t\t\t\t\t<\/div>\n\t\t\t\t<\/div>\n\t\t\t\t\t\t\t\t<\/div>\n\t\t\t\t<\/div>\n\t\t\t\t\t<\/div>\n\t\t<\/div>\n\t\t\t\t<div class=\"elementor-column elementor-col-33 elementor-top-column elementor-element elementor-element-d9f07d9\" data-id=\"d9f07d9\" data-element_type=\"column\" data-e-type=\"column\" data-settings=\"{&quot;background_background&quot;:&quot;classic&quot;}\">\n\t\t\t<div class=\"elementor-widget-wrap elementor-element-populated\">\n\t\t\t\t\t\t<div class=\"elementor-element elementor-element-5591846 elementor--h-position-left elementor--v-position-bottom elementor-widget elementor-widget-slides\" data-id=\"5591846\" data-element_type=\"widget\" data-e-type=\"widget\" data-settings=\"{&quot;navigation&quot;:&quot;none&quot;,&quot;autoplay&quot;:&quot;yes&quot;,&quot;pause_on_hover&quot;:&quot;yes&quot;,&quot;pause_on_interaction&quot;:&quot;yes&quot;,&quot;autoplay_speed&quot;:5000,&quot;infinite&quot;:&quot;yes&quot;,&quot;transition&quot;:&quot;slide&quot;,&quot;transition_speed&quot;:500}\" data-widget_type=\"slides.default\">\n\t\t\t\t<div class=\"elementor-widget-container\">\n\t\t\t\t\t\t\t\t\t<div class=\"elementor-swiper\">\n\t\t\t\t\t<div class=\"elementor-slides-wrapper elementor-main-swiper swiper\" role=\"region\" aria-roledescription=\"carousel\" aria-label=\"Slides\" dir=\"ltr\" data-animation=\"fadeInUp\">\n\t\t\t\t<div class=\"swiper-wrapper elementor-slides\">\n\t\t\t\t\t\t\t\t\t\t<div class=\"elementor-repeater-item-3ab0fe5 swiper-slide\" role=\"group\" aria-roledescription=\"slide\"><div class=\"swiper-slide-bg\"><\/div><a class=\"swiper-slide-inner\" href=\"https:\/\/www.grand-hotel-luxembourg.com\/en\/chambres\/\"><div class=\"swiper-slide-contents\"><div class=\"elementor-slide-heading\">Les Chambres<\/div><\/div><\/a><\/div>\t\t\t\t<\/div>\n\t\t\t\t\t\t\t<\/div>\n\t\t\t\t<\/div>\n\t\t\t\t\t\t\t\t<\/div>\n\t\t\t\t<\/div>\n\t\t\t\t\t<\/div>\n\t\t<\/div>\n\t\t\t\t<div class=\"elementor-column elementor-col-33 elementor-top-column elementor-element elementor-element-1904672\" data-id=\"1904672\" data-element_type=\"column\" data-e-type=\"column\" data-settings=\"{&quot;background_background&quot;:&quot;classic&quot;}\">\n\t\t\t<div class=\"elementor-widget-wrap elementor-element-populated\">\n\t\t\t\t\t\t<div class=\"elementor-element elementor-element-2fc7aec elementor--h-position-left elementor--v-position-bottom elementor-widget elementor-widget-slides\" data-id=\"2fc7aec\" data-element_type=\"widget\" data-e-type=\"widget\" data-settings=\"{&quot;navigation&quot;:&quot;none&quot;,&quot;autoplay&quot;:&quot;yes&quot;,&quot;pause_on_hover&quot;:&quot;yes&quot;,&quot;pause_on_interaction&quot;:&quot;yes&quot;,&quot;autoplay_speed&quot;:5000,&quot;infinite&quot;:&quot;yes&quot;,&quot;transition&quot;:&quot;slide&quot;,&quot;transition_speed&quot;:500}\" data-widget_type=\"slides.default\">\n\t\t\t\t<div class=\"elementor-widget-container\">\n\t\t\t\t\t\t\t\t\t<div class=\"elementor-swiper\">\n\t\t\t\t\t<div class=\"elementor-slides-wrapper elementor-main-swiper swiper\" role=\"region\" aria-roledescription=\"carousel\" aria-label=\"Slides\" dir=\"ltr\" data-animation=\"fadeInUp\">\n\t\t\t\t<div class=\"swiper-wrapper elementor-slides\">\n\t\t\t\t\t\t\t\t\t\t<div class=\"elementor-repeater-item-3ab0fe5 swiper-slide\" role=\"group\" aria-roledescription=\"slide\"><div class=\"swiper-slide-bg\"><\/div><a class=\"swiper-slide-inner\" href=\"https:\/\/www.grand-hotel-luxembourg.com\/en\/autour-de-l-hotel\/\"><div class=\"swiper-slide-contents\"><div class=\"elementor-slide-heading\">Tourisme<\/div><\/div><\/a><\/div>\t\t\t\t<\/div>\n\t\t\t\t\t\t\t<\/div>\n\t\t\t\t<\/div>\n\t\t\t\t\t\t\t\t<\/div>\n\t\t\t\t<\/div>\n\t\t\t\t\t<\/div>\n\t\t<\/div>\n\t\t\t\t\t<\/div>\n\t\t<\/section>\n\t\t\t\t<\/div>\n\t\t","protected":false},"excerpt":{"rendered":"<p>Situ\u00e9 \u00e0 Bayeux, en plein coeur de la Normandie, notre \u00e9tablissement met \u00e0 votre disposition des salles d\u00e9di\u00e9es allant de 35m\u00b2 \u00e0 65m\u00b2 vous accueillent dans un cadre de travail adapt\u00e9 \u00e0 vos besoins, propice au bon d\u00e9roulement de vos r\u00e9unions commerciales, tables rondes, ateliers d\u2019entreprise, team buildings, conseils d\u2019administration&#8230; \u00a0 Notre salle de s\u00e9minaire [&hellip;]<\/p>\n","protected":false},"author":11,"featured_media":0,"parent":0,"menu_order":0,"comment_status":"closed","ping_status":"closed","template":"","meta":{"inline_featured_image":false,"footnotes":""},"class_list":["post-205","page","type-page","status-publish","hentry"],"_links":{"self":[{"href":"https:\/\/www.grand-hotel-luxembourg.com\/en\/wp-json\/wp\/v2\/pages\/205","targetHints":{"allow":["GET"]}}],"collection":[{"href":"https:\/\/www.grand-hotel-luxembourg.com\/en\/wp-json\/wp\/v2\/pages"}],"about":[{"href":"https:\/\/www.grand-hotel-luxembourg.com\/en\/wp-json\/wp\/v2\/types\/page"}],"author":[{"embeddable":true,"href":"https:\/\/www.grand-hotel-luxembourg.com\/en\/wp-json\/wp\/v2\/users\/11"}],"replies":[{"embeddable":true,"href":"https:\/\/www.grand-hotel-luxembourg.com\/en\/wp-json\/wp\/v2\/comments?post=205"}],"version-history":[{"count":261,"href":"https:\/\/www.grand-hotel-luxembourg.com\/en\/wp-json\/wp\/v2\/pages\/205\/revisions"}],"predecessor-version":[{"id":4145,"href":"https:\/\/www.grand-hotel-luxembourg.com\/en\/wp-json\/wp\/v2\/pages\/205\/revisions\/4145"}],"wp:attachment":[{"href":"https:\/\/www.grand-hotel-luxembourg.com\/en\/wp-json\/wp\/v2\/media?parent=205"}],"curies":[{"name":"wp","href":"https:\/\/api.w.org\/{rel}","templated":true}]}}